{"id":5443,"date":"2025-10-21T10:23:56","date_gmt":"2025-10-21T17:23:56","guid":{"rendered":"https:\/\/www.frasa.com.mx\/?page_id=5443"},"modified":"2025-12-10T16:20:04","modified_gmt":"2025-12-11T00:20:04","slug":"about","status":"publish","type":"page","link":"https:\/\/www.frasa.com.mx\/en\/about\/","title":{"rendered":"About us"},"content":{"rendered":"<section class=\"bde-section-5443-100 bde-section\" data-bde-lazy-bg=\"waiting\">\n  \n        \n    \n\t\n\n\n\n<div class=\"section-container\"><h1 class=\"bde-heading-5443-190 bde-heading\">\nABOUT US\n<\/h1><div class=\"bde-div-5443-207 bde-div\">\n  \n  \n\t\n\n\n\n<div class=\"bde-breadcrumbs-5443-208 bde-breadcrumbs\"><nav aria-label=\"breadcrumbs\" class=\"rank-math-breadcrumb\"><p><span class=\"last\">Home<\/span><\/p><\/nav><\/div>\n<\/div><\/div>\n<\/section><section class=\"bde-section-5443-101 bde-section\">\n  \n  \n\t\n\n\n\n<div class=\"section-container\"><div class=\"bde-columns-5443-141 bde-columns\"><div class=\"bde-column-5443-148 bde-column\">\n  \n  \n\t\n\n\n\n<h2 class=\"bde-heading-5443-137 bde-heading\">\nCreating Futures\n<\/h2>\n<\/div><div class=\"bde-column-5443-215 bde-column\">\n  \n  \n\t\n\n\n\n<div class=\"bde-rich-text-5443-217 bde-rich-text breakdance-rich-text-styles\">\n<p class=\"translation-block\">WE ARE a Tijuana-based company specializing in the planning, <strong>promotion and marketing of properties<\/strong> with a comprehensive vision: connecting people with spaces and investments that transform the way they live, grow and prosper.<\/p>\n<p class=\"translation-block\">With over <strong>60 years of experience<\/strong>, deep family roots, and a genuine understanding of the local market, we offer purposeful housing and investment <strong>solutions that generate lasting value.<\/strong><\/p>\n<\/div>\n<\/div><\/div><\/div>\n<\/section><section class=\"bde-section-5443-116 bde-section\">\n  \n  \n\t\n\n\n\n<div class=\"section-container\"><div class=\"bde-div-5443-117 bde-div\">\n  \n  \n\t\n\n\n\n<div class=\"bde-image-5443-118 bde-image\" data-entrance=\"zoomOut\">\n<figure class=\"breakdance-image breakdance-image--6520\">\n\t<div class=\"breakdance-image-container\">\n\t\t<div class=\"breakdance-image-clip\"><img decoding=\"async\" class=\"breakdance-image-object\" src=\"https:\/\/www.frasa.com.mx\/wp-content\/uploads\/legado-frasa.webp\" width=\"1920\" height=\"1280\" srcset=\"https:\/\/www.frasa.com.mx\/wp-content\/uploads\/legado-frasa.webp 1920w, https:\/\/www.frasa.com.mx\/wp-content\/uploads\/legado-frasa-300x200.webp 300w, https:\/\/www.frasa.com.mx\/wp-content\/uploads\/legado-frasa-1620x1080.webp 1620w, https:\/\/www.frasa.com.mx\/wp-content\/uploads\/legado-frasa-768x512.webp 768w, https:\/\/www.frasa.com.mx\/wp-content\/uploads\/legado-frasa-1536x1024.webp 1536w\" sizes=\"auto, (max-width: 1920px) 100vw, 1920px\" loading=\"lazy\"><\/div>\n\t<\/div><\/figure>\n\n<\/div><div class=\"bde-div-5443-119 bde-div\" data-entrance=\"slideLeft\">\n  \n  \n\t\n\n\n\n<h2 class=\"bde-heading-5443-120 bde-heading\" data-entrance=\"slideLeft\">\nOur legacy\n<\/h2><div class=\"bde-rich-text-5443-214 bde-rich-text breakdance-rich-text-styles\">\n<p class=\"translation-block\">With more than six decades of experience, <strong>Frasa has evolved alongside Tijuana<\/strong>, driving urban and human development in the region. Our history, forged over three generations, reflects an ongoing commitment to <strong>quality, innovation, and the well-being<\/strong> of those who place their trust in us.<\/p>\n<p class=\"translation-block\">We are a <strong>100% Tijuana-based<\/strong> company, proud to contribute to the growth of one of the most dynamic borders in the world, with projects that embody the modern and vibrant spirit of the city.<\/p>\n<\/div>\n<\/div>\n<\/div><div class=\"bde-columns-5443-129 bde-columns\"><div class=\"bde-column-5443-130 bde-column\">\n  \n  \n\t\n\n\n\n<div class=\"bde-div-5443-123 bde-div\">\n  \n  \n\t\n\n\n\n<div class=\"bde-image-5443-124 bde-image\" data-entrance=\"zoomOut\">\n<figure class=\"breakdance-image breakdance-image--6486\">\n\t<div class=\"breakdance-image-container\">\n\t\t<div class=\"breakdance-image-clip\"><img decoding=\"async\" class=\"breakdance-image-object\" src=\"https:\/\/www.frasa.com.mx\/wp-content\/uploads\/costa.webp\" width=\"800\" height=\"600\" srcset=\"https:\/\/www.frasa.com.mx\/wp-content\/uploads\/costa.webp 800w, https:\/\/www.frasa.com.mx\/wp-content\/uploads\/costa-300x225.webp 300w, https:\/\/www.frasa.com.mx\/wp-content\/uploads\/costa-768x576.webp 768w\" sizes=\"auto, (max-width: 800px) 100vw, 800px\" loading=\"lazy\"><\/div>\n\t<\/div><\/figure>\n\n<\/div><div class=\"bde-div-5443-125 bde-div\" data-entrance=\"slideLeft\">\n  \n  \n\t\n\n\n\n<h6 class=\"bde-heading-5443-126 bde-heading\" data-entrance=\"slideLeft\">\nQuality and commitment\n<\/h6><h3 class=\"bde-heading-5443-128 bde-heading\" data-entrance=\"slideLeft\">\nCustomer-centric approach\n<\/h3>\n<\/div>\n<\/div>\n<\/div><div class=\"bde-column-5443-131 bde-column\">\n  \n  \n\t\n\n\n\n<div class=\"bde-rich-text-5443-133 bde-rich-text breakdance-rich-text-styles\">\n<h3>Quality assets<\/h3>\n<p>Our projects are the result of understanding our clients and their needs, ensuring that each development is an ideal space to live and thrive.<\/p>\n<h3>Service excellence<\/h3>\n<p>At FRASA, we are committed to providing quality service at every stage of the process, from the initial consultation to final delivery, ensuring complete customer satisfaction.<\/p>\n<\/div><div class=\"bde-button-5443-135 bde-button\">\n    \n                                    \n    \n    \n    \n    \n            \n                    \n            \n            \n\n    \n    \n    \n    \n    \n    <a class=\"breakdance-link button-atom button-atom--primary bde-button__button\" href=\"https:\/\/www.frasa.com.mx\/en\/contact\/\" target=\"_self\" data-type=\"url\"  >\n\n    \n        <span class=\"button-atom__text\">Contact us<\/span>\n\n        \n        \n                <\/a>\n\n    \n\n\n<\/div>\n<\/div><\/div><\/div>\n<\/section><section class=\"bde-section-5443-177 bde-section\">\n  \n  \n\t\n\n\n\n<div class=\"section-container\"><h5 class=\"bde-heading-5443-178 bde-heading\" data-entrance=\"slideLeft\">\nOur team\n<\/h5><div class=\"bde-columns-5443-179 bde-columns\"><div class=\"bde-column-5443-180 bde-column\">\n  \n  \n\t\n\n\n\n<h2 class=\"bde-heading-5443-181 bde-heading\">\nCommitment to every project\n<\/h2>\n<\/div><div class=\"bde-column-5443-182 bde-column\">\n  \n  \n\t\n\n\n\n<div class=\"bde-rich-text-5443-183 bde-rich-text breakdance-rich-text-styles\">\n<p class=\"translation-block\">At Frasa, we combine experience, market insight, and local commitment to <strong>drive high-value projects<\/strong> in the most dynamic areas with the greatest potential for added value in Tijuana.<\/p>\n<\/div>\n<\/div><\/div><div class=\"bde-grid-5443-161 bde-grid\">\n  \n  \n\t\n\n\n\n<div class=\"bde-div-5443-153 bde-div\">\n  \n  \n\t\n\n\n\n<div class=\"bde-image-5443-154 bde-image\" data-entrance=\"zoomOut\">\n<figure class=\"breakdance-image breakdance-image--5453\">\n\t<div class=\"breakdance-image-container\">\n\t\t<div class=\"breakdance-image-clip\"><img decoding=\"async\" class=\"breakdance-image-object\" src=\"https:\/\/www.frasa.com.mx\/wp-content\/uploads\/frasa-raymundo-jpg.webp\" width=\"500\" height=\"500\" srcset=\"https:\/\/www.frasa.com.mx\/wp-content\/uploads\/frasa-raymundo-jpg.webp 500w, https:\/\/www.frasa.com.mx\/wp-content\/uploads\/frasa-raymundo-jpg-300x300.webp 300w, https:\/\/www.frasa.com.mx\/wp-content\/uploads\/frasa-raymundo-jpg-150x150.webp 150w\" sizes=\"auto, (max-width: 500px) 100vw, 500px\" loading=\"lazy\"><\/div>\n\t<\/div><\/figure>\n\n<\/div><div class=\"bde-div-5443-155 bde-div\" data-entrance=\"slideLeft\">\n  \n  \n\t\n\n\n\n<h5 class=\"bde-heading-5443-157 bde-heading\" data-entrance=\"slideLeft\">\nRaymundo Arnaiz\n<\/h5><h6 class=\"bde-heading-5443-156 bde-heading\" data-entrance=\"slideLeft\">\nDirector General\n<\/h6>\n<\/div>\n<\/div><div class=\"bde-div-5443-162 bde-div\">\n  \n  \n\t\n\n\n\n<div class=\"bde-image-5443-163 bde-image\" data-entrance=\"zoomOut\">\n<figure class=\"breakdance-image breakdance-image--5452\">\n\t<div class=\"breakdance-image-container\">\n\t\t<div class=\"breakdance-image-clip\"><img decoding=\"async\" class=\"breakdance-image-object\" src=\"https:\/\/www.frasa.com.mx\/wp-content\/uploads\/frasa-raul-jpg.webp\" width=\"500\" height=\"500\" srcset=\"https:\/\/www.frasa.com.mx\/wp-content\/uploads\/frasa-raul-jpg.webp 500w, https:\/\/www.frasa.com.mx\/wp-content\/uploads\/frasa-raul-jpg-300x300.webp 300w, https:\/\/www.frasa.com.mx\/wp-content\/uploads\/frasa-raul-jpg-150x150.webp 150w\" sizes=\"auto, (max-width: 500px) 100vw, 500px\" loading=\"lazy\"><\/div>\n\t<\/div><\/figure>\n\n<\/div><div class=\"bde-div-5443-164 bde-div\" data-entrance=\"slideLeft\">\n  \n  \n\t\n\n\n\n<h5 class=\"bde-heading-5443-166 bde-heading\" data-entrance=\"slideLeft\">\nRa\u00fal Navarro\n<\/h5><h6 class=\"bde-heading-5443-165 bde-heading\" data-entrance=\"slideLeft\">\nDirector Gobierno Corporativo\n<\/h6>\n<\/div>\n<\/div><div class=\"bde-div-5443-167 bde-div\">\n  \n  \n\t\n\n\n\n<div class=\"bde-image-5443-168 bde-image\" data-entrance=\"zoomOut\">\n<figure class=\"breakdance-image breakdance-image--5451\">\n\t<div class=\"breakdance-image-container\">\n\t\t<div class=\"breakdance-image-clip\"><img decoding=\"async\" class=\"breakdance-image-object\" src=\"https:\/\/www.frasa.com.mx\/wp-content\/uploads\/frasa-rosy-jpg.webp\" width=\"500\" height=\"500\" srcset=\"https:\/\/www.frasa.com.mx\/wp-content\/uploads\/frasa-rosy-jpg.webp 500w, https:\/\/www.frasa.com.mx\/wp-content\/uploads\/frasa-rosy-jpg-300x300.webp 300w, https:\/\/www.frasa.com.mx\/wp-content\/uploads\/frasa-rosy-jpg-150x150.webp 150w\" sizes=\"auto, (max-width: 500px) 100vw, 500px\" loading=\"lazy\"><\/div>\n\t<\/div><\/figure>\n\n<\/div><div class=\"bde-div-5443-169 bde-div\" data-entrance=\"slideLeft\">\n  \n  \n\t\n\n\n\n<h5 class=\"bde-heading-5443-171 bde-heading\" data-entrance=\"slideLeft\">\nRosy Peraza\n<\/h5><h6 class=\"bde-heading-5443-170 bde-heading\" data-entrance=\"slideLeft\">\nDirector Administraci\u00f3n y Finanzas<br>\n<\/h6>\n<\/div>\n<\/div><div class=\"bde-div-5443-172 bde-div\">\n  \n  \n\t\n\n\n\n<div class=\"bde-image-5443-173 bde-image\" data-entrance=\"zoomOut\">\n<figure class=\"breakdance-image breakdance-image--5450\">\n\t<div class=\"breakdance-image-container\">\n\t\t<div class=\"breakdance-image-clip\"><img decoding=\"async\" class=\"breakdance-image-object\" src=\"https:\/\/www.frasa.com.mx\/wp-content\/uploads\/frasa-jorge-jpg.webp\" width=\"500\" height=\"500\" srcset=\"https:\/\/www.frasa.com.mx\/wp-content\/uploads\/frasa-jorge-jpg.webp 500w, https:\/\/www.frasa.com.mx\/wp-content\/uploads\/frasa-jorge-jpg-300x300.webp 300w, https:\/\/www.frasa.com.mx\/wp-content\/uploads\/frasa-jorge-jpg-150x150.webp 150w\" sizes=\"auto, (max-width: 500px) 100vw, 500px\" loading=\"lazy\"><\/div>\n\t<\/div><\/figure>\n\n<\/div><div class=\"bde-div-5443-174 bde-div\" data-entrance=\"slideLeft\">\n  \n  \n\t\n\n\n\n<h5 class=\"bde-heading-5443-176 bde-heading\" data-entrance=\"slideLeft\">\nJorge N\u00fa\u00f1ez\n<\/h5><h6 class=\"bde-heading-5443-175 bde-heading\" data-entrance=\"slideLeft\">\nDirector Desarrollo Inmobiliario<br>\n<\/h6>\n<\/div>\n<\/div>\n<\/div><div class=\"bde-video-5443-209 bde-video\">\n<div class=\"ee-video-container\">\n            <video class=\"ee-video\" src=\"https:\/\/www.frasa.com.mx\/wp-content\/uploads\/LOOP-FRASA.mp4\"\n               autoplay='true'                controls='true'                                loop='true'                muted='true'                controlslist=\"nodownload\"                playsinline\n>\n        <\/video>\n    \n    <\/div>\n\n<\/div><div class=\"bde-columns-5443-193 bde-columns\"><div class=\"bde-column-5443-218 bde-column\">\n  \n  \n\t\n\n\n\n<h2 class=\"bde-heading-5443-219 bde-heading\">\nGrowing up in the city\n<\/h2>\n<\/div><div class=\"bde-column-5443-196 bde-column\">\n  \n  \n\t\n\n\n\n<div class=\"bde-rich-text-5443-197 bde-rich-text breakdance-rich-text-styles\">\n<p>En Frasa, somos parte del crecimiento y transformaci\u00f3n de Tijuana.<br \/>Durante m\u00e1s de seis d\u00e9cadas, hemos contribuido al desarrollo de la ciudad a trav\u00e9s de proyectos que impulsan el bienestar, la plusval\u00eda y la calidad de vida de su gente.<\/p>\n<p>Hoy, evolucionamos como una empresa especializada en la <strong>planeaci\u00f3n, promoci\u00f3n y comercializaci\u00f3n de propiedades<\/strong> que reflejan nuestra visi\u00f3n de una Tijuana pr\u00f3spera, moderna y con sentido humano.<\/p>\n<p>Cada proyecto que llevamos a cabo es una manera de seguir <strong>honrando a la ciudad que nos vio nacer y apostando por su futuro<\/strong>.<\/p>\n<\/div>\n<\/div><\/div><div class=\"bde-video-5443-213 bde-video\">\n<div class=\"ee-video-container\">\n            <video class=\"ee-video\" src=\"https:\/\/www.frasa.com.mx\/wp-content\/uploads\/LOOP-DIAGONAL.mp4\"\n               autoplay='true'                controls='true'                                loop='true'                muted='true'                controlslist=\"nodownload\"                playsinline\n>\n        <\/video>\n    \n    <\/div>\n\n<\/div><\/div>\n<\/section><section class=\"bde-section-5443-184 bde-section\" data-bde-lazy-bg=\"waiting\">\n              \n  \n        \n    \n\t\n\n  <div class=\"section-background-overlay\"><\/div>\n\n\n<div class=\"section-container\"><h2 class=\"bde-heading-5443-185 bde-heading\">\nWe want to hear from you!\n<\/h2><div class=\"bde-rich-text-5443-189 bde-rich-text breakdance-rich-text-styles\">\n<div class=\"elementor-element elementor-element-43074010 e-flex e-con-boxed e-con e-parent e-lazyloaded\" data-id=\"43074010\" data-element_type=\"container\" data-settings=\"{&quot;background_background&quot;:&quot;classic&quot;}\">\n<div class=\"e-con-inner\">\n<div class=\"elementor-element elementor-element-7146c0e elementor-widget__width-initial elementor-widget elementor-widget-text-editor\" data-id=\"7146c0e\" data-element_type=\"widget\" data-widget_type=\"text-editor.default\">\n<div class=\"elementor-widget-container\">\n<div class=\"elementor-element elementor-element-223283db elementor-widget elementor-widget-qi_addons_for_elementor_section_title\" data-id=\"223283db\" data-element_type=\"widget\" data-widget_type=\"qi_addons_for_elementor_section_title.default\">\n<div class=\"elementor-widget-container\">\n<div class=\"qodef-shortcode qodef-m qodef-qi-section-title qodef-decoration--italic qodef-link--underline-draw qodef-subtitle-icon--left\">\n<div class=\"qodef-m-text\">\n<p>Send us a message to learn more about our services and available developments.<\/p>\n<\/div>\n<\/div>\n<\/div>\n<\/div>\n<\/div>\n<\/div>\n<\/div>\n<\/div>\n<\/div><div class=\"bde-form-builder-5443-188 bde-form-builder\">\n\n<form id=\"contact-form188\" class=\"breakdance-form breakdance-form--vertical\" data-options=\"{&quot;slug&quot;:&quot;custom&quot;,&quot;name&quot;:&quot;Contact Form&quot;,&quot;ajaxUrl&quot;:&quot;https:\\\/\\\/www.frasa.com.mx\\\/wp-admin\\\/admin-ajax.php&quot;,&quot;clearOnSuccess&quot;:true,&quot;hideOnSuccess&quot;:false,&quot;successMessage&quot;:&quot;\\u00a1Hemos recibido tu mensaje!&quot;,&quot;errorMessage&quot;:&quot;Algo sali\\u00f3 mal.&quot;,&quot;redirect&quot;:false,&quot;redirectUrl&quot;:&quot;&quot;,&quot;customJavaScript&quot;:&quot;&quot;,&quot;recaptcha&quot;:{&quot;key&quot;:&quot;&quot;,&quot;enabled&quot;:false},&quot;honeypot_enabled&quot;:false,&quot;popupsOnSuccess&quot;:[],&quot;popupsOnError&quot;:[]}\" data-steps=\"0\" action=\"\" >\n  \n  \n  \n<div class=\"breakdance-form-field breakdance-form-field--text\" >\n    \n    \n            <label class=\"breakdance-form-field__label\" for=\"name\">\n            Name<span class=\"breakdance-form-field__required\">*<\/span>\n        <\/label>\n    \n    <input\n    class=\"breakdance-form-field__input\"\n    id=\"name\"\n    aria-describedby=\"name\"\n    type=\"text\"\n    name=\"fields[name]\"\n    placeholder=\"\"\n    value=\"\"\n                \n        \n        \n    required\n>\n\n\n    \n    \n<\/div>\n\n\n<div class=\"breakdance-form-field breakdance-form-field--email\" >\n    \n    \n            <label class=\"breakdance-form-field__label\" for=\"email\">\n            Email<span class=\"breakdance-form-field__required\">*<\/span>\n        <\/label>\n    \n    <input\n    class=\"breakdance-form-field__input\"\n    id=\"email\"\n    aria-describedby=\"email\"\n    type=\"email\"\n    name=\"fields[email]\"\n    placeholder=\"\"\n    value=\"\"\n                \n        \n        \n    required\n>\n\n\n    \n    \n<\/div>\n\n\n<div class=\"breakdance-form-field breakdance-form-field--tel\" >\n    \n    \n            <label class=\"breakdance-form-field__label\" for=\"tel\">\n            Phone<span class=\"breakdance-form-field__required\">*<\/span>\n        <\/label>\n    \n    <input\n    class=\"breakdance-form-field__input\"\n    id=\"tel\"\n    aria-describedby=\"tel\"\n    type=\"tel\"\n    name=\"fields[tel]\"\n    placeholder=\"\"\n    value=\"\"\n                \n        \n        \n    required\n>\n\n\n    \n    \n<\/div>\n\n\n<div class=\"breakdance-form-field breakdance-form-field--select\" >\n    \n    \n            <label class=\"breakdance-form-field__label\" for=\"interes\">\n            Interest<span class=\"breakdance-form-field__required\">*<\/span>\n        <\/label>\n    \n    <select\n    class=\"breakdance-form-field__input\"\n    id=\"interes\"\n    name=\"fields[interes]\"\n    required\n>\n      <option value=\"\">Select an option<\/option>\n          <option value=\"SOL\u00c9\" >SOL\u00c9<\/option>\n        <option value=\"MUTUO\" >MUTUO<\/option>\n        <option value=\"ZAFIRO\" >ZAFIRO<\/option>\n        <option value=\"ESTANZA\" >ESTANZA<\/option>\n        <option value=\"SENDA\" >SENDA<\/option>\n        <option value=\"SOLANA\" >SOLANA<\/option>\n        <option value=\"ATELIER\" >ATELIER<\/option>\n  <\/select>\n\n\n    \n    \n<\/div>\n\n\n<div class=\"breakdance-form-field breakdance-form-field--radio\" >\n    \n    \n    \n      <fieldset role=\"radiogroup\"\n      >\n                <div class=\"breakdance-form-radio\">\n            <input\n                type=\"radio\"\n                name=\"fields[terminos]\"\n                value=\"Acepto los t\u00e9rminos y condiciones\"\n                id=\"terminos-1\"\n                required\n>\n            <label class=\"breakdance-form-radio__text\" for=\"terminos-1\">I accept the terms and conditions<\/label>\n        <\/div>\n      <\/fieldset>\n\n\n    \n    \n<\/div>\n\n\n<div class=\"breakdance-form-field breakdance-form-field--html\" >\n    \n    \n    \n    <div class=\"form-input-html\"\n    >\n  <script>(function(){var form=document.currentScript.closest(\".breakdance-form\");if(!form) return;var suf=form.dataset.uid;if(!suf){ suf=(Date.now().toString(36)+Math.random().toString(36).slice(2,8)).slice(-8); form.dataset.uid=suf; }form.querySelectorAll(\"input[id],select[id],textarea[id]\").forEach(function(el){  var id=el.getAttribute(\"id\"); if(!id||id.endsWith(\"-\"+suf)) return;  var nid=id+\"-\"+suf;  form.querySelectorAll('label[for=\"'+CSS.escape(id)+'\"]').forEach(function(lb){ lb.setAttribute(\"for\", nid); });  form.querySelectorAll('[data-input-id=\"'+CSS.escape(id)+'\"]').forEach(function(w){ w.setAttribute(\"data-input-id\", nid); });  el.id=nid;});})();<\/script>\n<\/div>\n\n\n    \n    \n<\/div>\n\n\n  \n\n<div class=\"breakdance-form-field breakdance-form-footer\">\n    \n    \n                                    \n    \n    \n    \n    \n            \n            <button type=\"submit\" class=\"button-atom button-atom--primary breakdance-form-button breakdance-form-button__submit\"  >\n    \n        <span class=\"button-atom__text\">Send<\/span>\n\n        \n        \n            <\/button>\n    \n    <input type=\"hidden\" name=\"form_id\" value=\"188\">\n    <input type=\"hidden\" name=\"post_id\" value=\"5443\">\n<\/div>\n\n  \n<input type=\"hidden\" name=\"trp-form-language\" value=\"en\"\/><\/form>\n\n\n<\/div><\/div>\n<\/section>","protected":false},"excerpt":{"rendered":"<p>NOSOTROS Inicio Creando Futuros SOMOS una empresa tijuanense especializada en la planeaci\u00f3n, promoci\u00f3n y comercializaci\u00f3n de propiedades con una visi\u00f3n integral: conectar a las personas con espacios e inversiones que transforman su manera de vivir, crecer y prosperar. Con m\u00e1s de 60 a\u00f1os de experiencia, un profundo arraigo familiar y un entendimiento real del mercado [&hellip;]<\/p>","protected":false},"author":8,"featured_media":0,"parent":0,"menu_order":0,"comment_status":"closed","ping_status":"closed","template":"","meta":{"_breakdance_hide_in_design_set":false,"_breakdance_tags":"","footnotes":""},"class_list":["post-5443","page","type-page","status-publish","hentry"],"_links":{"self":[{"href":"https:\/\/www.frasa.com.mx\/en\/wp-json\/wp\/v2\/pages\/5443","targetHints":{"allow":["GET"]}}],"collection":[{"href":"https:\/\/www.frasa.com.mx\/en\/wp-json\/wp\/v2\/pages"}],"about":[{"href":"https:\/\/www.frasa.com.mx\/en\/wp-json\/wp\/v2\/types\/page"}],"author":[{"embeddable":true,"href":"https:\/\/www.frasa.com.mx\/en\/wp-json\/wp\/v2\/users\/8"}],"replies":[{"embeddable":true,"href":"https:\/\/www.frasa.com.mx\/en\/wp-json\/wp\/v2\/comments?post=5443"}],"version-history":[{"count":32,"href":"https:\/\/www.frasa.com.mx\/en\/wp-json\/wp\/v2\/pages\/5443\/revisions"}],"predecessor-version":[{"id":6752,"href":"https:\/\/www.frasa.com.mx\/en\/wp-json\/wp\/v2\/pages\/5443\/revisions\/6752"}],"wp:attachment":[{"href":"https:\/\/www.frasa.com.mx\/en\/wp-json\/wp\/v2\/media?parent=5443"}],"curies":[{"name":"wp","href":"https:\/\/api.w.org\/{rel}","templated":true}]}}